{"id":47,"date":"2024-11-03T12:06:45","date_gmt":"2024-11-03T11:06:45","guid":{"rendered":"https:\/\/program.buyalla.com\/?page_id=47"},"modified":"2024-11-14T10:06:06","modified_gmt":"2024-11-14T09:06:06","slug":"dolacz-do-nas","status":"publish","type":"page","link":"https:\/\/program.buyalla.com\/?page_id=47","title":{"rendered":"Do\u0142\u0105cz do nas"},"content":{"rendered":"\n<p><br>Wsp\u00f3lnie aktywizujmy spo\u0142ecznie, kulturalnie i gospodarczo potrzebuj\u0105ce tego osoby w r\u00f3\u017cnym wieku, od nastolatk\u00f3w po pradziadk\u00f3w. <\/p>\n\n\n\n<p>Kontakt:<\/p>\n\n\n\n<p>E-mail: program@buyalla.com<\/p>\n\n\n\n<p>Tel. +48 780 610 770<\/p>\n\n\n\n<p><\/p>\n","protected":false},"excerpt":{"rendered":"<p>Wsp\u00f3lnie aktywizujmy spo\u0142ecznie, kulturalnie i gospodarczo potrzebuj\u0105ce tego osoby w [&hellip;]<\/p>\n","protected":false},"author":1,"featured_media":0,"parent":0,"menu_order":0,"comment_status":"closed","ping_status":"closed","template":"","meta":{"footnotes":""},"class_list":["post-47","page","type-page","status-publish","hentry"],"_links":{"self":[{"href":"https:\/\/program.buyalla.com\/index.php?rest_route=\/wp\/v2\/pages\/47","targetHints":{"allow":["GET"]}}],"collection":[{"href":"https:\/\/program.buyalla.com\/index.php?rest_route=\/wp\/v2\/pages"}],"about":[{"href":"https:\/\/program.buyalla.com\/index.php?rest_route=\/wp\/v2\/types\/page"}],"author":[{"embeddable":true,"href":"https:\/\/program.buyalla.com\/index.php?rest_route=\/wp\/v2\/users\/1"}],"replies":[{"embeddable":true,"href":"https:\/\/program.buyalla.com\/index.php?rest_route=%2Fwp%2Fv2%2Fcomments&post=47"}],"version-history":[{"count":7,"href":"https:\/\/program.buyalla.com\/index.php?rest_route=\/wp\/v2\/pages\/47\/revisions"}],"predecessor-version":[{"id":138,"href":"https:\/\/program.buyalla.com\/index.php?rest_route=\/wp\/v2\/pages\/47\/revisions\/138"}],"wp:attachment":[{"href":"https:\/\/program.buyalla.com\/index.php?rest_route=%2Fwp%2Fv2%2Fmedia&parent=47"}],"curies":[{"name":"wp","href":"https:\/\/api.w.org\/{rel}","templated":true}]}}