{"id":39,"date":"2024-11-03T11:47:37","date_gmt":"2024-11-03T10:47:37","guid":{"rendered":"https:\/\/program.buyalla.com\/?page_id=39"},"modified":"2025-11-29T19:25:21","modified_gmt":"2025-11-29T18:25:21","slug":"dla-szkol","status":"publish","type":"page","link":"https:\/\/program.buyalla.com\/?page_id=39","title":{"rendered":"DLA SZK\u00d3\u0141"},"content":{"rendered":"\n<p><strong>Szanowni Dyrektorzy i Nauczyciele Szk\u00f3\u0142 \u015arednich,<\/strong><\/p>\n\n\n\n<p>Zapraszamy do wsp\u00f3\u0142pracy z nasz\u0105 platform\u0105, kt\u00f3ra \u0142\u0105czy w sobie pasj\u0119 do edukacji biznesowej, dzia\u0142ania charytatywne oraz aktywizacj\u0119 spo\u0142eczn\u0105. Buyalla.com nie tylko umo\u017cliwia uczniom zdobycie praktycznej wiedzy z&nbsp;zakresu przedsi\u0119biorczo\u015bci, ale tak\u017ce anga\u017cuje ich w pomoc spo\u0142eczno\u015bci lokalnej, seniorom i najbardziej potrzebuj\u0105cym. Wsp\u00f3lnie mo\u017cemy stworzy\u0107 \u015brodowisko, kt\u00f3re promuje nauk\u0119, odpowiedzialno\u015b\u0107 spo\u0142eczn\u0105 i&nbsp;wsp\u00f3\u0142prac\u0119 mi\u0119dzypokoleniow\u0105.<\/p>\n\n\n\n<p>Buyalla.com \u2013 innowacyjna platforma edukacyjno-biznesowa, kt\u00f3ra poprzez umo\u017cliwienie uczestniczenia w&nbsp;procesie \u0142\u0105czenia producent\u00f3w i klient\u00f3w, aktywizuje spo\u0142ecznie i gospodarczo m\u0142odych ludzi oraz przekuwa w&nbsp;praktyk\u0119 wiedz\u0119 z zakresu Biznesu i Zarz\u0105dzania. Wierzymy, \u017ce wsp\u00f3lne dzia\u0142anie mo\u017ce przynie\u015b\u0107 korzy\u015bci zar\u00f3wno dla Waszych uczni\u00f3w, jak i dla ca\u0142ej spo\u0142eczno\u015bci lokalnej.<\/p>\n\n\n\n<p>Nasza platforma oferuje wyj\u0105tkowe mo\u017cliwo\u015bci edukacyjne dla szk\u00f3\u0142 \u015brednich:<\/p>\n\n\n\n<ol class=\"wp-block-list\">\n<li><strong>Praktyczne Zastosowanie Wiedzy<\/strong>: Dajemy uczniom mo\u017cliwo\u015b\u0107 zastosowania teoretycznej wiedzy z zakresu Biznesu i Zarz\u0105dzania w realnych warunkach rynkowych. Dzi\u0119ki temu nauka staje si\u0119 bardziej anga\u017cuj\u0105ca i&nbsp;zrozumia\u0142a.<\/li>\n\n\n\n<li><strong>Rozw\u00f3j Przedsi\u0119biorczo\u015bci<\/strong>: Zach\u0119camy m\u0142odzie\u017c do rozwijania swoich pomys\u0142\u00f3w biznesowych i wspieramy ich w realizacji w\u0142asnych projekt\u00f3w. To doskona\u0142a okazja do nauki poprzez dzia\u0142anie.<\/li>\n\n\n\n<li><strong>Aktywizacja Spo\u0142eczna<\/strong>: Nasza platforma promuje wsp\u00f3\u0142prac\u0119 mi\u0119dzypokoleniow\u0105, co sprzyja budowaniu silniejszych wi\u0119zi spo\u0142ecznych oraz wzajemnemu wsparciu. Uczniowie maj\u0105 szans\u0119 uczy\u0107 si\u0119 od bardziej do\u015bwiadczonych os\u00f3b, a tak\u017ce dzieli\u0107 si\u0119 swoj\u0105 wiedz\u0105 i energi\u0105.<\/li>\n\n\n\n<li><strong>Wsparcie Lokalnych Inicjatyw<\/strong>: Wsp\u00f3\u0142praca z nasz\u0105 platform\u0105 to wsparcie dla lokalnych inicjatyw oraz rozw\u00f3j ma\u0142ych i \u015brednich przedsi\u0119biorstw, kt\u00f3re s\u0105 kluczowe dla rozwoju gospodarki lokalnej.<\/li>\n\n\n\n<li><strong>Edukacja i Rozw\u00f3j<\/strong>: Organizujemy warsztaty, szkolenia i webinaria, kt\u00f3re pomagaj\u0105 uczniom rozwija\u0107 nowe umiej\u0119tno\u015bci oraz dzieli\u0107 si\u0119 wiedz\u0105. Wasza szko\u0142a mo\u017ce sta\u0107 si\u0119 cz\u0119\u015bci\u0105 naszej misji edukacyjnej.<\/li>\n\n\n\n<li><strong>Sprz\u0119t dla uczni\u00f3w:<\/strong> Uczniowie dzia\u0142aj\u0105cy na platformie dzi\u0119ki swojej aktywno\u015bci mog\u0105 zdobywa\u0107 wyznaczone przez siebie nagrody wspieraj\u0105ce ich rozw\u00f3j (sprz\u0119t komputerowy, muzyczny, sportowy itp.).<\/li>\n\n\n\n<li><strong>Akcje charytatywne:<\/strong> Dzi\u0119ki platformie Buyalla.com uczniowie inicjuj\u0105, organizuj\u0105 lub wspieraj\u0105 akcje charytatywne.<\/li>\n<\/ol>\n\n\n\n<p><\/p>\n\n\n\n<p>Jeste\u015bmy przekonani, \u017ce wsp\u00f3\u0142praca z nasz\u0105 platform\u0105 przyniesie wiele korzy\u015bci dla Waszych uczni\u00f3w oraz ca\u0142ej spo\u0142eczno\u015bci szkolnej. Zach\u0119camy do kontaktu i rozmowy na temat mo\u017cliwo\u015bci wsp\u00f3\u0142pracy. Razem mo\u017cemy stworzy\u0107 lepsze warunki do nauki i rozwoju dla m\u0142odych ludzi.<\/p>\n\n\n\n<p>Wsp\u00f3\u0142pracuj\u0105c z nasz\u0105 platform\u0105, dajecie swoim uczniom szans\u0119 na rozw\u00f3j, anga\u017cujecie ich w warto\u015bciowe inicjatywy i budujecie mosty mi\u0119dzy pokoleniami. Wierzymy, \u017ce nasza wsp\u00f3\u0142praca przyniesie korzy\u015bci nie tylko dla Waszej szko\u0142y, ale tak\u017ce dla ca\u0142ej spo\u0142eczno\u015bci. Do\u0142\u0105czcie do nas i zainwestujcie w przysz\u0142o\u015b\u0107 m\u0142odych ludzi oraz dobro wsp\u00f3lne. Razem mo\u017cemy uczyni\u0107 \u015bwiat lepszym!<\/p>\n\n\n\n<p>Kontakt:<\/p>\n\n\n\n<p>E-mail: program@buyalla.com<\/p>\n\n\n\n<p>Tel. +48 780 610 770<\/p>\n\n\n\n<p><\/p>\n\n\n\n<p><strong>SPOSOBY ROZLICZE\u0143<\/strong><\/p>\n\n\n\n<p><strong>Indywidualne dzia\u0142ania ucznia:<\/strong><\/p>\n\n\n\n<p>Ka\u017cdy ucze\u0144, w ramach programu edukacji biznesowej bierze udzia\u0142 w konkursie edukacyjno-biznesowym Buyalla.com na skuteczne dzia\u0142ania promocyjne i zdobywa w nim nagrody finansowe. Nagrody zdobywane s\u0105 zgodnie z zasad\u0105: za ka\u017cd\u0105 sprzeda\u017c na platformie Buyalla.com, kt\u00f3ra nast\u0105pi\u0142a w wyniku dzia\u0142a\u0144 promocyjnych partnera, w jego panelu zapisywane jest, zale\u017cnie od produktu, do 10% warto\u015bci netto tej sprzeda\u017cy. Nagrody finansowe w konkursach s\u0105 opodatkowane. Podatek pobiera i odprowadza organizator konkursu.<\/p>\n\n\n\n<p><br><br><strong>Akcje Charytatywne:<\/strong><br>Uczestnicy Akcji Charytatywnej Buyalla.com uczestnicz\u0105 w programie edukacji gospodarczej poprzez pozyskiwanie \u015brodk\u00f3w finansowych przeznaczanych na cele charytatywne. Tworz\u0105 oni zespo\u0142y wypracowuj\u0105ce \u015brodki na rzecz wybranego przez siebie celu. Ka\u017cdy zesp\u00f3\u0142 posiada wsp\u00f3lny panel na platformie. Za ka\u017cd\u0105 sprzeda\u017c na platformie Buyalla.com, kt\u00f3ra nast\u0105pi\u0142a z polecenia uczestnik\u00f3w \/ uczestnika Akcji Charytatywnej, w panelu grupy zapisywane jest, zale\u017cnie od produktu, do 10% warto\u015bci netto tej sprzeda\u017cy. Podatek pobiera i odprowadza podmiot prowadz\u0105cy platform\u0119 Buyalla.com..<\/p>\n\n\n\n<p><\/p>\n","protected":false},"excerpt":{"rendered":"<p>Szanowni Dyrektorzy i Nauczyciele Szk\u00f3\u0142 \u015arednich, Zapraszamy do wsp\u00f3\u0142pracy z [&hellip;]<\/p>\n","protected":false},"author":1,"featured_media":0,"parent":0,"menu_order":0,"comment_status":"closed","ping_status":"closed","template":"","meta":{"footnotes":""},"class_list":["post-39","page","type-page","status-publish","hentry"],"_links":{"self":[{"href":"https:\/\/program.buyalla.com\/index.php?rest_route=\/wp\/v2\/pages\/39","targetHints":{"allow":["GET"]}}],"collection":[{"href":"https:\/\/program.buyalla.com\/index.php?rest_route=\/wp\/v2\/pages"}],"about":[{"href":"https:\/\/program.buyalla.com\/index.php?rest_route=\/wp\/v2\/types\/page"}],"author":[{"embeddable":true,"href":"https:\/\/program.buyalla.com\/index.php?rest_route=\/wp\/v2\/users\/1"}],"replies":[{"embeddable":true,"href":"https:\/\/program.buyalla.com\/index.php?rest_route=%2Fwp%2Fv2%2Fcomments&post=39"}],"version-history":[{"count":15,"href":"https:\/\/program.buyalla.com\/index.php?rest_route=\/wp\/v2\/pages\/39\/revisions"}],"predecessor-version":[{"id":182,"href":"https:\/\/program.buyalla.com\/index.php?rest_route=\/wp\/v2\/pages\/39\/revisions\/182"}],"wp:attachment":[{"href":"https:\/\/program.buyalla.com\/index.php?rest_route=%2Fwp%2Fv2%2Fmedia&parent=39"}],"curies":[{"name":"wp","href":"https:\/\/api.w.org\/{rel}","templated":true}]}}