{"id":22,"date":"2024-11-03T11:35:39","date_gmt":"2024-11-03T10:35:39","guid":{"rendered":"https:\/\/program.buyalla.com\/?page_id=22"},"modified":"2024-11-17T16:31:21","modified_gmt":"2024-11-17T15:31:21","slug":"dla-producentow","status":"publish","type":"page","link":"https:\/\/program.buyalla.com\/?page_id=22","title":{"rendered":"DLA PRODUCENT\u00d3W"},"content":{"rendered":"\n<p><strong>Szanowni Producenci,<\/strong><\/p>\n\n\n\n<p>Zapraszamy do uczestnictwa w programie edukacyjno-biznesowym i umo\u017cliwienia sprzeda\u017cy swoich produkt\u00f3w na naszej innowacyjnej platformie sprzeda\u017cowej. Podstawowym zadaniem Buyalla.com jest aktywizacja spo\u0142eczna i gospodarcza zar\u00f3wno ludzi m\u0142odych, jak i starszych. Program z za\u0142o\u017cenia udost\u0119pnia platform\u0119 bezp\u0142atnie zar\u00f3wno dla uczestnicz\u0105cych w nim producent\u00f3w, jak i zespo\u0142\u00f3w sprzeda\u017cowych, a rozliczenie uzgodnionych wcze\u015bniej gratyfikacji nast\u0119puj\u0119 wy\u0142\u0105cznie po zrealizowaniu transakcji kupna sprzeda\u017cy.<br>Mo\u017cemy wsp\u00f3lnie tworzy\u0107 przestrze\u0144, kt\u00f3ra \u0142\u0105czy pokolenia i wspiera rozw\u00f3j lokalnych spo\u0142eczno\u015bci. <\/p>\n\n\n\n<p>Buyalla.com nie tylko umo\u017cliwia prezentacj\u0119 i sprzeda\u017c Waszych produkt\u00f3w, ale tak\u017ce aktywnie wspiera edukacj\u0119 biznesow\u0105 oraz organizuje akcje charytatywne dla uczni\u00f3w. Dzi\u0119ki naszej inicjatywie, macie niepowtarzaln\u0105 szans\u0119 na promocj\u0119 swoich marek, jednocze\u015bnie przyczyniaj\u0105c si\u0119 do kszta\u0142towania przysz\u0142ych lider\u00f3w i wspierania lokalnych spo\u0142eczno\u015bci.<\/p>\n\n\n\n<p>Nasza platforma oferuje wyj\u0105tkowe mo\u017cliwo\u015bci dla producent\u00f3w:<\/p>\n\n\n\n<ol class=\"wp-block-list\">\n<li><strong>Zwi\u0119kszenie Zasi\u0119gu<\/strong>: Wasze produkty b\u0119d\u0105 dost\u0119pne dla szerokiej bazy klient\u00f3w, co pozwoli na dotarcie do nowych odbiorc\u00f3w i zwi\u0119kszenie sprzeda\u017cy.<\/li>\n\n\n\n<li><strong>Wsp\u00f3\u0142praca Mi\u0119dzypokoleniowa<\/strong>: Wspieramy integracj\u0119 mi\u0119dzypokoleniow\u0105, co sprzyja budowaniu silniejszych wi\u0119zi spo\u0142ecznych i promowaniu wzajemnego wsparcia.<\/li>\n\n\n\n<li><strong>Wsparcie Lokalnych Inicjatyw<\/strong>: Wsp\u00f3\u0142praca z nasz\u0105 platform\u0105 to wsparcie dla lokalnej przedsi\u0119biorczo\u015bci i rozw\u00f3j ma\u0142ych oraz \u015brednich firm, kt\u00f3re tworz\u0105 trzon naszej spo\u0142eczno\u015bci.<\/li>\n\n\n\n<li><strong>Edukacja<\/strong>: Organizujemy warsztaty i szkolenia, kt\u00f3re pomagaj\u0105 naszym u\u017cytkownikom rozwija\u0107 nowe umiej\u0119tno\u015bci oraz dzieli\u0107 si\u0119 wiedz\u0105.<\/li>\n\n\n\n<li><strong>Wspieranie akcji charytatywnych:<\/strong> Sprzedawanie swoich produkt\u00f3w tak\u017ce na platformie Buyalla.com to Pa\u0144stwa wk\u0142ad w dobroczynno\u015b\u0107. Dzi\u0119ki ich promowaniu uczniowie zbieraj\u0105 \u015brodki na cele charytatywne.<\/li>\n<\/ol>\n\n\n\n<p>Sprzedawanie przez Was swoich produkt\u00f3w mo\u017ce sta\u0107 si\u0119 cz\u0119\u015bci\u0105 naszej misji budowania zintegrowanych i wspieraj\u0105cych si\u0119 spo\u0142eczno\u015bci, w oparciu o prac\u0119, edukacj\u0119 oraz dzia\u0142ania dobroczynne.<\/p>\n\n\n\n<p>Razem mo\u017cemy osi\u0105gn\u0105\u0107 wi\u0119cej! Do\u0142\u0105czaj\u0105c do naszej platformy, nie tylko zwi\u0119kszacie zasi\u0119g swoich produkt\u00f3w, ale r\u00f3wnie\u017c wspieracie edukacj\u0119 i dzia\u0142ania charytatywne, kt\u00f3re maj\u0105 realny wp\u0142yw na \u017cycie m\u0142odych ludzi. Nie czekajcie! Zainwestujcie w przysz\u0142o\u015b\u0107 i zosta\u0144cie cz\u0119\u015bci\u0105 naszej rosn\u0105cej spo\u0142eczno\u015bci ju\u017c dzi\u015b. Skontaktujcie si\u0119 z nami, aby dowiedzie\u0107 si\u0119 wi\u0119cej o mo\u017cliwo\u015bciach wsp\u00f3\u0142pracy.<\/p>\n\n\n\n<p>Kontakt:<\/p>\n\n\n\n<p>E-mail: program@buyalla.com<\/p>\n\n\n\n<p>Tel. +48 780 610 770<\/p>\n","protected":false},"excerpt":{"rendered":"<p>Szanowni Producenci, Zapraszamy do uczestnictwa w programie edukacyjno-biznesowym i umo\u017cliwienia [&hellip;]<\/p>\n","protected":false},"author":1,"featured_media":0,"parent":0,"menu_order":0,"comment_status":"closed","ping_status":"closed","template":"","meta":{"footnotes":""},"class_list":["post-22","page","type-page","status-publish","hentry"],"_links":{"self":[{"href":"https:\/\/program.buyalla.com\/index.php?rest_route=\/wp\/v2\/pages\/22","targetHints":{"allow":["GET"]}}],"collection":[{"href":"https:\/\/program.buyalla.com\/index.php?rest_route=\/wp\/v2\/pages"}],"about":[{"href":"https:\/\/program.buyalla.com\/index.php?rest_route=\/wp\/v2\/types\/page"}],"author":[{"embeddable":true,"href":"https:\/\/program.buyalla.com\/index.php?rest_route=\/wp\/v2\/users\/1"}],"replies":[{"embeddable":true,"href":"https:\/\/program.buyalla.com\/index.php?rest_route=%2Fwp%2Fv2%2Fcomments&post=22"}],"version-history":[{"count":8,"href":"https:\/\/program.buyalla.com\/index.php?rest_route=\/wp\/v2\/pages\/22\/revisions"}],"predecessor-version":[{"id":155,"href":"https:\/\/program.buyalla.com\/index.php?rest_route=\/wp\/v2\/pages\/22\/revisions\/155"}],"wp:attachment":[{"href":"https:\/\/program.buyalla.com\/index.php?rest_route=%2Fwp%2Fv2%2Fmedia&parent=22"}],"curies":[{"name":"wp","href":"https:\/\/api.w.org\/{rel}","templated":true}]}}