{"id":19,"date":"2024-11-03T11:35:39","date_gmt":"2024-11-03T10:35:39","guid":{"rendered":"https:\/\/program.buyalla.com\/?page_id=19"},"modified":"2025-11-16T19:17:34","modified_gmt":"2025-11-16T18:17:34","slug":"program-edukacji-gospodarczej","status":"publish","type":"page","link":"https:\/\/program.buyalla.com\/?page_id=19","title":{"rendered":"EDUKACJA GOSPODARCZA"},"content":{"rendered":"\n<p><\/p>\n\n\n\n<h4 class=\"wp-block-heading\"><strong>Cel&nbsp;Programu<\/strong><\/h4>\n\n\n\n<p>Program adresowany jest do os\u00f3b w ka\u017cdym wieku. Wspiera aktywno\u015b\u0107 spo\u0142eczn\u0105 i gospodarcz\u0105.                        Jego celem jest rozwijanie umiej\u0119tno\u015bci\u00a0biznesowych\u00a0i\u00a0zarz\u0105dzania\u00a0\u00a0poprzez\u00a0praktyczne\u00a0 zastosowanie\u00a0           wiedzy\u00a0 teoretycznej\u00a0 w\u00a0prowadzeniu\u00a0kampanii\u00a0promocyjnych,\u00a0 kt\u00f3re\u00a0nagradzaj\u0105\u00a0osi\u0105gni\u0119cia\u00a0 i\u00a0wspieraj\u0105\u00a0dalszy\u00a0rozw\u00f3j.\u00a0Program\u00a0ma\u00a0na\u00a0celu\u00a0nie\u00a0tylko\u00a0rozwijanie\u00a0wiedzy\u00a0teoretycznej,\u00a0ale\u00a0r\u00f3wnie\u017c\u00a0praktyczne\u00a0 jej\u00a0zastosowanie,\u00a0co\u00a0pozwala\u00a0lepiej\u00a0zrozumie\u0107\u00a0i \u0107wiczy\u0107\u00a0zdobyte\u00a0umiej\u0119tno\u015bci.<\/p>\n\n\n\n<h4 class=\"wp-block-heading\"><strong>Modu\u0142y&nbsp;Programu<\/strong><\/h4>\n\n\n\n<ol class=\"wp-block-list\">\n<li><strong>Wprowadzenie\u00a0do\u00a0Biznesu\u00a0i\u00a0Zarz\u0105dzania<\/strong>\n<ul class=\"wp-block-list\">\n<li>Podstawowe\u00a0poj\u0119cia\u00a0biznesowe<\/li>\n\n\n\n<li>Rola\u00a0i\u00a0funkcje\u00a0mened\u017cera<\/li>\n\n\n\n<li>Tworzenie\u00a0plan\u00f3w\u00a0biznesowych<\/li>\n<\/ul>\n<\/li>\n\n\n\n<li><strong>Marketing\u00a0i\u00a0Promocja<\/strong>\n<ul class=\"wp-block-list\">\n<li>Podstawy\u00a0marketingu<\/li>\n\n\n\n<li>Strategie\u00a0promocji<\/li>\n\n\n\n<li>Tworzenie\u00a0kampanii\u00a0marketingowych<\/li>\n<\/ul>\n<\/li>\n\n\n\n<li><strong>Platforma\u00a0Sprzeda\u017cowa<\/strong>\n<ul class=\"wp-block-list\">\n<li>Obs\u0142uga\u00a0platformy\u00a0sprzeda\u017cowej<\/li>\n\n\n\n<li>Generowanie\u00a0link\u00f3w\u00a0referencyjnych<\/li>\n\n\n\n<li>Analiza\u00a0sprzeda\u017cy\u00a0i\u00a0efektywno\u015bci\u00a0kampanii<\/li>\n<\/ul>\n<\/li>\n\n\n\n<li><strong>Zarz\u0105dzanie\u00a0Finansami<\/strong>\n<ul class=\"wp-block-list\">\n<li>Podstawy\u00a0rachunkowo\u015bci<\/li>\n\n\n\n<li>Zarz\u0105dzanie\u00a0bud\u017cetem\u00a0kampanii<\/li>\n\n\n\n<li>Obliczanie\u00a0prowizji\u00a0i\u00a0nagr\u00f3d<\/li>\n<\/ul>\n<\/li>\n\n\n\n<li><strong>Techniki\u00a0Sprzeda\u017cy<\/strong>\n<ul class=\"wp-block-list\">\n<li>Psychologia\u00a0sprzeda\u017cy<\/li>\n\n\n\n<li>Komunikacja\u00a0z\u00a0klientem<\/li>\n\n\n\n<li>Techniki\u00a0zamykania\u00a0sprzeda\u017cy<\/li>\n<\/ul>\n<\/li>\n<\/ol>\n\n\n\n<h4 class=\"wp-block-heading\"><strong>Etapy&nbsp;Realizacji&nbsp;Programu<\/strong><\/h4>\n\n\n\n<ol class=\"wp-block-list\">\n<li><strong>Faza\u00a0Teoretyczna<\/strong>\n<ul class=\"wp-block-list\">\n<li>Edukacja\u00a0z\u00a0zakresu\u00a0biznesu\u00a0i\u00a0zarz\u0105dzania<\/li>\n\n\n\n<li>Warsztaty\u00a0z\u00a0marketingu\u00a0i\u00a0promocji<\/li>\n<\/ul>\n<\/li>\n\n\n\n<li><strong>Faza\u00a0Praktyczna<\/strong>\n<ul class=\"wp-block-list\">\n<li>Tworzenie\u00a0i\u00a0wdra\u017canie\u00a0kampanii\u00a0promocyjnych\u00a0na\u00a0platformie\u00a0sprzeda\u017cowej<\/li>\n\n\n\n<li>Generowanie\u00a0link\u00f3w\u00a0referencyjnych\u00a0i\u00a0monitorowanie\u00a0ich\u00a0skuteczno\u015bci<\/li>\n<\/ul>\n<\/li>\n\n\n\n<li><strong>System\u00a0Nagr\u00f3d<\/strong>\n<ul class=\"wp-block-list\">\n<li>Partnerzy\u00a0doro\u015bli zbieraj\u0105\u00a0prowizje\u00a0za\u00a0skuteczne\u00a0polecenia\u00a0produkt\u00f3w<\/li>\n\n\n\n<li>Dla partner\u00f3w poni\u017ce 18 roku \u017cycia prowizje\u00a0s\u0105\u00a0wymieniane\u00a0na\u00a0nagrody\u00a0edukacyjne,\u00a0kt\u00f3re\u00a0uczniowie\u00a0sami\u00a0wybieraj\u0105\u00a0(np.\u00a0kursy\u00a0online,\u00a0ksi\u0105\u017cki,\u00a0sprz\u0119t\u00a0do\u00a0nauki)<\/li>\n\n\n\n<li>Wyznaczenie\u00a0kwoty\u00a0minimalnej,\u00a0po\u00a0kt\u00f3rej\u00a0osi\u0105gni\u0119ciu\u00a0uczniowie\u00a0mog\u0105\u00a0zrealizowa\u0107\u00a0swoje\u00a0nagrody<\/li>\n<\/ul>\n<\/li>\n<\/ol>\n\n\n\n<h4 class=\"wp-block-heading\"><strong>Monitorowanie&nbsp;i&nbsp;Ocena&nbsp;Programu<\/strong><\/h4>\n\n\n\n<ul class=\"wp-block-list\">\n<li>Regularne\u00a0spotkania, w celu\u00a0omawiania\u00a0post\u0119p\u00f3w\u00a0i\u00a0napotkanych\u00a0wyzwa\u0144<\/li>\n\n\n\n<li>Analiza\u00a0wynik\u00f3w\u00a0kampanii\u00a0promocyjnych\u00a0i\u00a0sprzeda\u017cy<\/li>\n\n\n\n<li>Ocena\u00a0efektywno\u015bci\u00a0programu\u00a0i\u00a0jego\u00a0wp\u0142ywu\u00a0na\u00a0rozw\u00f3j\u00a0umiej\u0119tno\u015bci\u00a0<\/li>\n<\/ul>\n\n\n\n<p><\/p>\n","protected":false},"excerpt":{"rendered":"<p>Cel&nbsp;Programu Program adresowany jest do os\u00f3b w ka\u017cdym wieku. Wspiera [&hellip;]<\/p>\n","protected":false},"author":1,"featured_media":0,"parent":2,"menu_order":0,"comment_status":"closed","ping_status":"closed","template":"","meta":{"footnotes":""},"class_list":["post-19","page","type-page","status-publish","hentry"],"_links":{"self":[{"href":"https:\/\/program.buyalla.com\/index.php?rest_route=\/wp\/v2\/pages\/19","targetHints":{"allow":["GET"]}}],"collection":[{"href":"https:\/\/program.buyalla.com\/index.php?rest_route=\/wp\/v2\/pages"}],"about":[{"href":"https:\/\/program.buyalla.com\/index.php?rest_route=\/wp\/v2\/types\/page"}],"author":[{"embeddable":true,"href":"https:\/\/program.buyalla.com\/index.php?rest_route=\/wp\/v2\/users\/1"}],"replies":[{"embeddable":true,"href":"https:\/\/program.buyalla.com\/index.php?rest_route=%2Fwp%2Fv2%2Fcomments&post=19"}],"version-history":[{"count":11,"href":"https:\/\/program.buyalla.com\/index.php?rest_route=\/wp\/v2\/pages\/19\/revisions"}],"predecessor-version":[{"id":173,"href":"https:\/\/program.buyalla.com\/index.php?rest_route=\/wp\/v2\/pages\/19\/revisions\/173"}],"up":[{"embeddable":true,"href":"https:\/\/program.buyalla.com\/index.php?rest_route=\/wp\/v2\/pages\/2"}],"wp:attachment":[{"href":"https:\/\/program.buyalla.com\/index.php?rest_route=%2Fwp%2Fv2%2Fmedia&parent=19"}],"curies":[{"name":"wp","href":"https:\/\/api.w.org\/{rel}","templated":true}]}}