{"id":17,"date":"2024-11-03T11:35:39","date_gmt":"2024-11-03T10:35:39","guid":{"rendered":"https:\/\/program.buyalla.com\/?page_id=17"},"modified":"2024-11-17T16:59:40","modified_gmt":"2024-11-17T15:59:40","slug":"misja","status":"publish","type":"page","link":"https:\/\/program.buyalla.com\/","title":{"rendered":"NASZA MISJA"},"content":{"rendered":"\n<figure class=\"wp-block-image size-large is-resized\"><img loading=\"lazy\" decoding=\"async\" width=\"1024\" height=\"142\" src=\"https:\/\/program.buyalla.com\/wp-content\/uploads\/2024\/11\/obrazek-misji-1024x142.jpg\" alt=\"\" class=\"wp-image-98\" style=\"width:1124px;height:auto\" srcset=\"https:\/\/program.buyalla.com\/wp-content\/uploads\/2024\/11\/obrazek-misji-1024x142.jpg 1024w, https:\/\/program.buyalla.com\/wp-content\/uploads\/2024\/11\/obrazek-misji-300x42.jpg 300w, https:\/\/program.buyalla.com\/wp-content\/uploads\/2024\/11\/obrazek-misji-768x106.jpg 768w, https:\/\/program.buyalla.com\/wp-content\/uploads\/2024\/11\/obrazek-misji-1536x213.jpg 1536w, https:\/\/program.buyalla.com\/wp-content\/uploads\/2024\/11\/obrazek-misji.jpg 1713w\" sizes=\"auto, (max-width: 1024px) 100vw, 1024px\" \/><\/figure>\n\n\n\n<p><strong>INNOWACYJNY PROGRAM EDUKACJI GOSPODARCZEJ DLA WSZYSTKICH<\/strong><\/p>\n\n\n\n<p><br><strong>Szanowni Pa\u0144stwo! Samorz\u0105dowcy, Spo\u0142ecznicy, Nauczyciele i Przedsi\u0119biorcy!<\/strong><\/p>\n\n\n\n<p>Zapraszamy do innowacyjnego programu aktywizacji spo\u0142ecznej i gospodarczej m\u0142odzie\u017cy, os\u00f3b doros\u0142ych oraz senior\u00f3w.<\/p>\n\n\n\n<p>Zapraszamy samorz\u0105dy, szko\u0142y i organizacje pozarz\u0105dowe oraz producent\u00f3w do wsp\u00f3\u0142tworzenia platformy Buyalla.com. Wsp\u00f3lnie mo\u017cemy wspiera\u0107 rozw\u00f3j m\u0142odzie\u017cy i aktywizacj\u0119 spo\u0142eczno-gospodarcz\u0105 os\u00f3b starszych, r\u00f3wnocze\u015bnie zyskuj\u0105c nowych odbiorc\u00f3w i nowy rynek zbytu dla polskich firm.<\/p>\n\n\n\n<p>Misj\u0105 Buyalla.com jest stworzenie przestrzeni, kt\u00f3ra \u0142\u0105czy pokolenia w dzia\u0142aniu, wspiera rozw\u00f3j lokalnych spo\u0142eczno\u015bci i gospodarki oraz umo\u017cliwia aktywizacj\u0119 spo\u0142eczn\u0105 i gospodarcz\u0105 zar\u00f3wno ludzi m\u0142odych, jak&nbsp;i&nbsp;starszych.<\/p>\n\n\n\n<p>Na platformie Buyalla.com ka\u017cdy mo\u017ce znale\u017a\u0107 swoje miejsce, niezale\u017cnie od etapu \u017cycia czy do\u015bwiadczeniazawodowego. Wierzymy, \u017ce wsp\u00f3lna praca i wsp\u00f3\u0142praca pomi\u0119dzy pokoleniami jest kluczem do zr\u00f3wnowa\u017conego rozwoju i tworzenia silnych, wspieraj\u0105cych si\u0119 spo\u0142eczno\u015bci.<\/p>\n\n\n\n<p>Pragniemy:<\/p>\n\n\n\n<ol class=\"wp-block-list\">\n<li><strong>\u0141\u0105czy\u0107 Pokolenia<\/strong>: Budowa\u0107 mosty pomi\u0119dzy r\u00f3\u017cnymi grupami wiekowymi, promuj\u0105c wzajemne wsparcie, nauk\u0119 i wsp\u00f3\u0142prac\u0119.<\/li>\n\n\n\n<li><strong>Wspiera\u0107 Przedsi\u0119biorc\u00f3w<\/strong>: Wzmacnia\u0107 lokaln\u0105 przedsi\u0119biorczo\u015b\u0107 i wspiera\u0107 rozw\u00f3j ma\u0142ych i \u015brednich firm, kt\u00f3re tworz\u0105 trzon naszej spo\u0142eczno\u015bci.<\/li>\n\n\n\n<li><strong>Zapewnia\u0107 Dost\u0119pno\u015b\u0107 i R\u00f3wno\u015b\u0107<\/strong>: Tworzy\u0107 platform\u0119, kt\u00f3ra jest dost\u0119pna dla wszystkich, niezale\u017cnie od wieku, do\u015bwiadczenia czy technologicznego zaawansowania.<\/li>\n\n\n\n<li><strong>Inspirowa\u0107 i Edukowa\u0107<\/strong>: Dzia\u0142a\u0107 jako \u017ar\u00f3d\u0142o inspiracji i edukacji, umo\u017cliwiaj\u0105c naszym u\u017cytkownikom rozwijanie nowych umiej\u0119tno\u015bci i dzielenie si\u0119 wiedz\u0105.<\/li>\n\n\n\n<li><strong>Wspiera\u0107 dobroczynno\u015b\u0107<\/strong>: Dawa\u0107 narz\u0119dzia umo\u017cliwiaj\u0105ce wsp\u00f3lne dzia\u0142ania dobroczynne na rzecz potrzebuj\u0105cych. <\/li>\n<\/ol>\n\n\n\n<p>Nawet ma\u0142e zaanga\u017cowanie wielu os\u00f3b i podmiot\u00f3w ma ogromny potencja\u0142 do osi\u0105gni\u0119cia znacz\u0105cych efekt\u00f3w spo\u0142ecznych i gospodarczych. Ka\u017cdy, nawet najmniejszy wk\u0142ad, kumuluje si\u0119, tworz\u0105c efekt skali, kt\u00f3ry mo\u017ce przynie\u015b\u0107 wymierne korzy\u015bci dla ca\u0142ej spo\u0142eczno\u015bci. Wsp\u00f3lna praca i wsp\u00f3\u0142dzia\u0142anie licznych jednostek oraz organizacji prowadzi do budowania silniejszych wi\u0119zi spo\u0142ecznych, wzmacniania lokalnej gospodarki oraz tworzenia nowych mo\u017cliwo\u015bci rozwoju i innowacji. Poprzez zaanga\u017cowanie r\u00f3\u017cnych grup wiekowych, sektor\u00f3w i&nbsp;inicjatyw, mo\u017cemy wsp\u00f3lnie d\u0105\u017cy\u0107 do bardziej zr\u00f3wnowa\u017conego i zintegrowanego spo\u0142ecze\u0144stwa, w kt\u00f3rym ka\u017cdy ma szans\u0119 na aktywny udzia\u0142 i realizacj\u0119 swoich cel\u00f3w. Razem mo\u017cemy osi\u0105gn\u0105\u0107 wi\u0119cej, \u0142\u0105cz\u0105c nasze si\u0142y i&nbsp;wspieraj\u0105c si\u0119 nawzajem.<br><\/p>\n","protected":false},"excerpt":{"rendered":"<p>INNOWACYJNY PROGRAM EDUKACJI GOSPODARCZEJ DLA WSZYSTKICH Szanowni Pa\u0144stwo! Samorz\u0105dowcy, Spo\u0142ecznicy, [&hellip;]<\/p>\n","protected":false},"author":1,"featured_media":0,"parent":2,"menu_order":0,"comment_status":"closed","ping_status":"closed","template":"","meta":{"footnotes":""},"class_list":["post-17","page","type-page","status-publish","hentry"],"_links":{"self":[{"href":"https:\/\/program.buyalla.com\/index.php?rest_route=\/wp\/v2\/pages\/17","targetHints":{"allow":["GET"]}}],"collection":[{"href":"https:\/\/program.buyalla.com\/index.php?rest_route=\/wp\/v2\/pages"}],"about":[{"href":"https:\/\/program.buyalla.com\/index.php?rest_route=\/wp\/v2\/types\/page"}],"author":[{"embeddable":true,"href":"https:\/\/program.buyalla.com\/index.php?rest_route=\/wp\/v2\/users\/1"}],"replies":[{"embeddable":true,"href":"https:\/\/program.buyalla.com\/index.php?rest_route=%2Fwp%2Fv2%2Fcomments&post=17"}],"version-history":[{"count":16,"href":"https:\/\/program.buyalla.com\/index.php?rest_route=\/wp\/v2\/pages\/17\/revisions"}],"predecessor-version":[{"id":163,"href":"https:\/\/program.buyalla.com\/index.php?rest_route=\/wp\/v2\/pages\/17\/revisions\/163"}],"up":[{"embeddable":true,"href":"https:\/\/program.buyalla.com\/index.php?rest_route=\/wp\/v2\/pages\/2"}],"wp:attachment":[{"href":"https:\/\/program.buyalla.com\/index.php?rest_route=%2Fwp%2Fv2%2Fmedia&parent=17"}],"curies":[{"name":"wp","href":"https:\/\/api.w.org\/{rel}","templated":true}]}}